{"id":1462,"date":"2025-08-13T00:11:58","date_gmt":"2025-08-13T00:11:58","guid":{"rendered":"https:\/\/watchesbymk.fr\/?page_id=1462"},"modified":"2025-08-13T00:52:00","modified_gmt":"2025-08-13T00:52:00","slug":"1462-2","status":"publish","type":"page","link":"https:\/\/watchesbymk.fr\/?page_id=1462","title":{"rendered":"SUIVI DE COMMANDE"},"content":{"rendered":"\n<h4 class=\"wp-block-heading\">Voir Le Status<\/h4>\n\n\n<div class=\"woocommerce\">\n<form action=\"https:\/\/watchesbymk.fr\/?page_id=1462\" method=\"post\" class=\"woocommerce-form woocommerce-form-track-order track_order\">\n\n\t\n\t<p>Pour suivre votre commande veuillez saisir votre ID de commande dans la boite ci-dessous et cliquer le bouton \u00ab\u00a0Suivre\u00a0\u00bb. Il vous a \u00e9t\u00e9 donn\u00e9 sur votre re\u00e7u et dans l\u2019e-mail de confirmation que vous avez du recevoir.<\/p>\n\n\t<p class=\"form-row form-row-first\"><label for=\"orderid\">N&deg; de commande<\/label> <input class=\"input-text\" type=\"text\" name=\"orderid\" id=\"orderid\" value=\"\" placeholder=\"Pr\u00e9sent dans l\u2019e-mail de confirmation de commande.\" \/><\/p>\t<p class=\"form-row form-row-last\"><label for=\"order_email\">E-mail de facturation<\/label> <input class=\"input-text\" type=\"text\" name=\"order_email\" id=\"order_email\" value=\"\" placeholder=\"E-mail utilis\u00e9 pour la commande.\" \/><\/p>\t<div class=\"clear\"><\/div>\n\n\t\n\t<p class=\"form-row\"><button type=\"submit\" class=\"button\" name=\"track\" value=\"Suivre\">Suivre<\/button><\/p>\n\t<input type=\"hidden\" id=\"woocommerce-order-tracking-nonce\" name=\"woocommerce-order-tracking-nonce\" value=\"62586352ac\" \/><input type=\"hidden\" name=\"_wp_http_referer\" value=\"\/index.php?rest_route=%2Fwp%2Fv2%2Fpages%2F1462\" \/>\n\t\n<\/form>\n<\/div>\n\n\n\n<h4 class=\"wp-block-heading\">Voir Le Details<\/h4>\n\n\n\n<p>Entrez votre num\u00e9ro de suivi pour conna\u00eetre l\u2019avancement de votre livraison. Si la fen\u00eatre de suivi ne s\u2019affiche pas, utilisez directement le bouton \u00ab Ouvrir dans un nouvel onglet \u00bb. Colissimo (La Poste)Mondial Relay<\/p>\n\n\n\n<p><a href=\"https:\/\/www.laposte.fr\/outils\/suivre-vos-envois\" target=\"_blank\" rel=\"noreferrer noopener\">Ouvrir dans un nouvel onglet<\/a><\/p>\n\n\n\n<figure class=\"wp-block-embed\"><div class=\"wp-block-embed__wrapper\">\nhttps:\/\/www.laposte.fr\/outils\/suivre-vos-envois\n<\/div><\/figure>\n\n\n\n<p><a href=\"https:\/\/www.mondialrelay.fr\/suivi-de-colis\/\" target=\"_blank\" rel=\"noreferrer noopener\">Ouvrir dans un nouvel onglet<\/a><\/p>\n\n\n\n<figure class=\"wp-block-embed\"><div class=\"wp-block-embed__wrapper\">\nhttps:\/\/www.mondialrelay.fr\/suivi-de-colis\n<\/div><\/figure>\n","protected":false},"excerpt":{"rendered":"<p>Voir Le Status Voir Le Details Entrez votre num\u00e9ro de suivi pour conna\u00eetre l\u2019avancement de votre livraison. Si la fen\u00eatre de suivi ne s\u2019affiche pas, utilisez directement le bouton \u00ab Ouvrir dans un nouvel onglet \u00bb. Colissimo (La Poste)Mondial Relay Ouvrir dans un nouvel onglet Ouvrir dans un nouvel onglet<\/p>\n","protected":false},"author":1,"featured_media":0,"parent":0,"menu_order":0,"comment_status":"closed","ping_status":"closed","template":"","meta":{"footnotes":""},"class_list":["post-1462","page","type-page","status-publish","hentry"],"blocksy_meta":[],"_links":{"self":[{"href":"https:\/\/watchesbymk.fr\/index.php?rest_route=\/wp\/v2\/pages\/1462","targetHints":{"allow":["GET"]}}],"collection":[{"href":"https:\/\/watchesbymk.fr\/index.php?rest_route=\/wp\/v2\/pages"}],"about":[{"href":"https:\/\/watchesbymk.fr\/index.php?rest_route=\/wp\/v2\/types\/page"}],"author":[{"embeddable":true,"href":"https:\/\/watchesbymk.fr\/index.php?rest_route=\/wp\/v2\/users\/1"}],"replies":[{"embeddable":true,"href":"https:\/\/watchesbymk.fr\/index.php?rest_route=%2Fwp%2Fv2%2Fcomments&post=1462"}],"version-history":[{"count":7,"href":"https:\/\/watchesbymk.fr\/index.php?rest_route=\/wp\/v2\/pages\/1462\/revisions"}],"predecessor-version":[{"id":1482,"href":"https:\/\/watchesbymk.fr\/index.php?rest_route=\/wp\/v2\/pages\/1462\/revisions\/1482"}],"wp:attachment":[{"href":"https:\/\/watchesbymk.fr\/index.php?rest_route=%2Fwp%2Fv2%2Fmedia&parent=1462"}],"curies":[{"name":"wp","href":"https:\/\/api.w.org\/{rel}","templated":true}]}}