{"id":621,"date":"2022-07-23T09:27:05","date_gmt":"2022-07-23T09:27:05","guid":{"rendered":"https:\/\/startersites.io\/elementor\/home-decor\/?page_id=621"},"modified":"2025-08-25T19:32:26","modified_gmt":"2025-08-25T19:32:26","slug":"a-propos-de-nous","status":"publish","type":"page","link":"https:\/\/watchesbymk.fr\/?page_id=621","title":{"rendered":"A PROPOS DE NOUS"},"content":{"rendered":"\t\t<div data-elementor-type=\"wp-page\" data-elementor-id=\"621\" class=\"elementor elementor-621\">\n\t\t\t\t<div class=\"elementor-element elementor-element-400e8ce e-flex e-con-boxed e-con e-parent\" data-id=\"400e8ce\" data-element_type=\"container\" data-settings=\"{&quot;background_background&quot;:&quot;classic&quot;}\">\n\t\t\t\t\t<div class=\"e-con-inner\">\n\t\t\t\t<div class=\"elementor-element elementor-element-5048b71 elementor-widget elementor-widget-heading\" data-id=\"5048b71\" data-element_type=\"widget\" data-widget_type=\"heading.default\">\n\t\t\t\t\t<h2 class=\"elementor-heading-title elementor-size-default\">A PROPOS DE NOUS<\/h2>\t\t\t\t<\/div>\n\t\t\t\t\t<\/div>\n\t\t\t\t<\/div>\n\t\t<div class=\"elementor-element elementor-element-b25f9ec e-flex e-con-boxed e-con e-parent\" data-id=\"b25f9ec\" data-element_type=\"container\">\n\t\t\t\t\t<div class=\"e-con-inner\">\n\t\t<div class=\"elementor-element elementor-element-e402044 e-con-full e-flex e-con e-child\" data-id=\"e402044\" data-element_type=\"container\">\n\t\t\t\t<div class=\"elementor-element elementor-element-5680103 elementor-widget elementor-widget-image\" data-id=\"5680103\" data-element_type=\"widget\" data-widget_type=\"image.default\">\n\t\t\t\t\t\t\t\t\t\t\t\t\t\t\t<img fetchpriority=\"high\" decoding=\"async\" width=\"500\" height=\"500\" src=\"https:\/\/watchesbymk.fr\/wp-content\/uploads\/2025\/08\/WATCHESBYMK-removebg-preview.png\" class=\"attachment-large size-large wp-image-1606\" alt=\"\" \/>\t\t\t\t\t\t\t\t\t\t\t\t\t\t\t<\/div>\n\t\t\t\t<\/div>\n\t\t<div class=\"elementor-element elementor-element-95fe6f2 e-con-full e-flex e-con e-child\" data-id=\"95fe6f2\" data-element_type=\"container\">\n\t\t\t\t<div class=\"elementor-element elementor-element-87c9c1b elementor-widget elementor-widget-heading\" data-id=\"87c9c1b\" data-element_type=\"widget\" data-widget_type=\"heading.default\">\n\t\t\t\t\t<h2 class=\"elementor-heading-title elementor-size-default\"><span>\"\u202fJ\u2019suis en G\u2011Shock pas en Rolex<\/span>\n<span>J\u2019serai en surv\u00eat\u2019 \u00e0 la c\u00e9r\u00e9monie\"<\/span><\/h2>\t\t\t\t<\/div>\n\t\t\t\t<div class=\"elementor-element elementor-element-fc08aa5 elementor-widget elementor-widget-text-editor\" data-id=\"fc08aa5\" data-element_type=\"widget\" data-widget_type=\"text-editor.default\">\n\t\t\t\t\t\t\t\t\t<h4>NOTRE HISTOIRE<\/h4>\n\n\u00c0 19 ans, tout commence par la cr\u00e9ation d\u2019un premier logiciel pour un importateur.<br><br>\n\nBient\u00f4t suivie d\u2019autres, revendus \u00e0 plusieurs entreprises.<br><br>\n\nCes ventes permettent de mettre de l\u2019argent de c\u00f4t\u00e9\u2026 mais surtout de d\u00e9couvrir le e-commerce.<br><br>\n\nJe me souviens encore de ma toute premi\u00e8re commande : une joie immense, au point de crier de bonheur.<br><br>\n\n\u00c0 23 ans, un r\u00eave devient r\u00e9alit\u00e9 : ouvrir ma propre boutique physique tout en exp\u00e9diant pr\u00e8s de 40 commandes par jour en ligne.<br><br>\n\n<strong>Un jour, les ventes atteignent un record : 8 fois le SMIC en une seule journ\u00e9e.<\/strong>\n<br><br>\nChaque colis pr\u00e9par\u00e9 avec soin, chaque client satisfait, chaque journ\u00e9e une victoire.\n<br><br>\nPuis un conflit met fin \u00e0 l\u2019aventure, m\u2019obligeant \u00e0 tout laisser derri\u00e8re et recommencer ailleurs.\n<br><br>\nL\u2019arriv\u00e9e en France est rude : nuits dans la rue, journ\u00e9es \u00e0 chercher du travail, le doute toujours pr\u00e9sent.\n<br><br>\nPetit \u00e0 petit, la vie se reconstruit : un emploi, un appartement, une voiture\u2026 et l\u2019envie d\u2019entreprendre rena\u00eet.\n<br>\nAujourd\u2019hui, ce site unit mes comp\u00e9tences en informatique et ma passion pour la vente, avec un objectif simple : offrir des produits de qualit\u00e9 et redonner le sourire \u00e0 chaque client.\t\t\t\t\t\t\t\t<\/div>\n\t\t\t\t<\/div>\n\t\t\t\t\t<\/div>\n\t\t\t\t<\/div>\n\t\t\t\t<\/div>\n\t\t","protected":false},"excerpt":{"rendered":"<p>A PROPOS DE NOUS \u00ab\u00a0\u202fJ\u2019suis en G\u2011Shock pas en Rolex J\u2019serai en surv\u00eat\u2019 \u00e0 la c\u00e9r\u00e9monie\u00a0\u00bb NOTRE HISTOIRE \u00c0 19 ans, tout commence par la cr\u00e9ation d\u2019un premier logiciel pour un importateur. Bient\u00f4t suivie d\u2019autres, revendus \u00e0 plusieurs entreprises. Ces ventes permettent de mettre de l\u2019argent de c\u00f4t\u00e9\u2026 mais surtout de d\u00e9couvrir le e-commerce. Je [&hellip;]<\/p>\n","protected":false},"author":1,"featured_media":0,"parent":0,"menu_order":0,"comment_status":"closed","ping_status":"closed","template":"","meta":{"footnotes":""},"class_list":["post-621","page","type-page","status-publish","hentry"],"blocksy_meta":{"page_title_panel":"","has_hero_section":"disabled","9a35d6300724d16f2d55836fdfcabdd7":"","hero_section":"type-1","hero_elements":[{"id":"custom_title","enabled":true,"heading_tag":"h1","title":"Home"},{"id":"custom_description","enabled":true,"description_visibility":{"desktop":true,"tablet":true,"mobile":false}},{"id":"custom_meta","enabled":false,"meta_elements":[{"id":"author","enabled":true,"label":"By","has_author_avatar":"yes","avatar_size":25},{"id":"post_date","enabled":true,"label":"On","date_format_source":"default","date_format":"M j, Y"},{"id":"updated_date","enabled":false,"label":"On","date_format_source":"default","date_format":"M j, Y"},{"id":"categories","enabled":false,"label":"In","style":"simple"},{"id":"comments","enabled":true}],"page_meta_elements":{"joined":true,"articles_count":true,"comments":true}},{"id":"breadcrumbs","enabled":false}],"5c6d2da6ec2cfc663e8d775d2f1ec022":"","hero_alignment1":"CT_CSS_SKIP_RULE","hero_margin":40,"hero_alignment2":"center","hero_vertical_alignment":"center","2b0af914513f89fb5edb12545f1745bc":"","hero_structure":"narrow","2b28b839438a7f2f102fcc06823e4a11":"","page_title_bg_type":"featured_image","custom_hero_background":{"attachment_id":null},"page_title_image_size":"full","parallax":{"desktop":false,"tablet":false,"mobile":false},"82838db4e129e7d0a64b41af777b79e9":"","hero_height":"250px","pageTitleFont":{"family":"Default","variation":"Default","size":"30px","line-height":"CT_CSS_SKIP_RULE","letter-spacing":"CT_CSS_SKIP_RULE","text-transform":"CT_CSS_SKIP_RULE","text-decoration":"CT_CSS_SKIP_RULE"},"pageTitleFontColor":{"default":{"color":"CT_CSS_SKIP_RULEDEFAULT"}},"pageMetaFont":{"family":"Default","variation":"n6","size":"12px","line-height":"1.3","letter-spacing":"CT_CSS_SKIP_RULE","text-transform":"uppercase","text-decoration":"CT_CSS_SKIP_RULE"},"pageMetaFontColor":{"default":{"color":"CT_CSS_SKIP_RULEDEFAULT"},"hover":{"color":"CT_CSS_SKIP_RULEDEFAULT"}},"page_meta_button_type_font_colors":{"default":{"color":"CT_CSS_SKIP_RULEDEFAULT"},"hover":{"color":"CT_CSS_SKIP_RULEDEFAULT"}},"page_meta_button_type_background_colors":{"default":{"color":"CT_CSS_SKIP_RULEDEFAULT"},"hover":{"color":"CT_CSS_SKIP_RULEDEFAULT"}},"pageExcerptFont":{"family":"Default","variation":"Default","size":"CT_CSS_SKIP_RULE","line-height":"CT_CSS_SKIP_RULE","letter-spacing":"CT_CSS_SKIP_RULE","text-transform":"CT_CSS_SKIP_RULE","text-decoration":"CT_CSS_SKIP_RULE"},"pageExcerptColor":{"default":{"color":"CT_CSS_SKIP_RULEDEFAULT"}},"breadcrumbsFont":{"family":"Default","variation":"Default","size":"CT_CSS_SKIP_RULE","line-height":"CT_CSS_SKIP_RULE","letter-spacing":"CT_CSS_SKIP_RULE","text-transform":"CT_CSS_SKIP_RULE","text-decoration":"CT_CSS_SKIP_RULE"},"breadcrumbsFontColor":{"default":{"color":"CT_CSS_SKIP_RULEDEFAULT"},"initial":{"color":"CT_CSS_SKIP_RULEDEFAULT"},"hover":{"color":"CT_CSS_SKIP_RULEDEFAULT"}},"pageTitleOverlay":{"background_type":"color","background_pattern":"type-1","background_image":{"attachment_id":null,"x":0,"y":0},"gradient":"linear-gradient(135deg,rgba(6,147,227,1) 0%,rgb(155,81,224) 100%)","background_repeat":"repeat","background_size":"auto","background_attachment":"scroll","patternColor":{"default":{"color":"#e5e7ea"}},"overlayColor":{"default":{"color":"CT_CSS_SKIP_RULE"}},"backgroundColor":{"default":{"color":"CT_CSS_SKIP_RULE"}}},"pageTitleBackground":{"background_type":"color","background_pattern":"type-1","background_image":{"attachment_id":null,"x":0,"y":0},"gradient":"linear-gradient(135deg,rgba(6,147,227,1) 0%,rgb(155,81,224) 100%)","background_repeat":"repeat","background_size":"auto","background_attachment":"scroll","patternColor":{"default":{"color":"#e5e7ea"}},"overlayColor":{"default":{"color":"CT_CSS_SKIP_RULE"}},"backgroundColor":{"default":{"color":"var(--theme-palette-color-6)"}}},"pageTitlePadding":{"top":"50px","bottom":"50px","left":"auto","right":"auto","linked":true},"ba52867089f8f665796409cb04f7f4ce":"","page_structure_type":"default","cf1e421ad4816a22f38e0fbf52eee9cf":"","content_style_source":"inherit","content_style":"wide","vertical_spacing_source":"custom","content_area_spacing":"none","background":{"background_type":"color","background_pattern":"type-1","background_image":{"attachment_id":null,"x":0,"y":0},"gradient":"linear-gradient(135deg,rgba(6,147,227,1) 0%,rgb(155,81,224) 100%)","background_repeat":"repeat","background_size":"auto","background_attachment":"scroll","patternColor":{"default":{"color":"#e5e7ea"}},"overlayColor":{"default":{"color":"CT_CSS_SKIP_RULE"}},"backgroundColor":{"default":{"color":"CT_CSS_SKIP_RULE"}}},"content_background":{"background_type":"color","background_pattern":"type-1","background_image":{"attachment_id":null,"x":0,"y":0},"gradient":"linear-gradient(135deg,rgba(6,147,227,1) 0%,rgb(155,81,224) 100%)","background_repeat":"repeat","background_size":"auto","background_attachment":"scroll","patternColor":{"default":{"color":"#e5e7ea"}},"overlayColor":{"default":{"color":"CT_CSS_SKIP_RULE"}},"backgroundColor":{"default":{"color":"var(--theme-palette-color-8)"}}},"content_boxed_shadow":{"inherit":false,"blur":18,"spread":-6,"v_offset":12,"h_offset":0,"inset":false,"enable":true,"color":{"color":"rgba(34, 56, 101, 0.04)"}},"content_boxed_border":{"width":1,"style":"none","color":{"color":"rgba(44,62,80,0.2)"}},"content_boxed_radius":{"top":"3px","bottom":"3px","left":"3px","right":"3px","linked":true},"boxed_content_spacing":{"desktop":{"top":"40px","bottom":"40px","left":"40px","right":"40px","linked":true},"tablet":{"top":"35px","bottom":"35px","left":"35px","right":"35px","linked":true},"mobile":{"top":"20px","bottom":"20px","left":"20px","right":"20px","linked":true}},"48f25a16c1e7bd1af600f8aace204912":"","disable_featured_image":"no","disable_share_box":"no","disable_header":"no","disable_footer":"no","styles_descriptor":{"styles":{"desktop":"","tablet":"","mobile":""},"google_fonts":[],"version":6}},"_links":{"self":[{"href":"https:\/\/watchesbymk.fr\/index.php?rest_route=\/wp\/v2\/pages\/621","targetHints":{"allow":["GET"]}}],"collection":[{"href":"https:\/\/watchesbymk.fr\/index.php?rest_route=\/wp\/v2\/pages"}],"about":[{"href":"https:\/\/watchesbymk.fr\/index.php?rest_route=\/wp\/v2\/types\/page"}],"author":[{"embeddable":true,"href":"https:\/\/watchesbymk.fr\/index.php?rest_route=\/wp\/v2\/users\/1"}],"replies":[{"embeddable":true,"href":"https:\/\/watchesbymk.fr\/index.php?rest_route=%2Fwp%2Fv2%2Fcomments&post=621"}],"version-history":[{"count":38,"href":"https:\/\/watchesbymk.fr\/index.php?rest_route=\/wp\/v2\/pages\/621\/revisions"}],"predecessor-version":[{"id":1613,"href":"https:\/\/watchesbymk.fr\/index.php?rest_route=\/wp\/v2\/pages\/621\/revisions\/1613"}],"wp:attachment":[{"href":"https:\/\/watchesbymk.fr\/index.php?rest_route=%2Fwp%2Fv2%2Fmedia&parent=621"}],"curies":[{"name":"wp","href":"https:\/\/api.w.org\/{rel}","templated":true}]}}